{"id":2625,"date":"2019-11-25T17:48:16","date_gmt":"2019-11-25T17:48:16","guid":{"rendered":"https:\/\/demos.codetipi.com\/zeen-seo\/?page_id=5"},"modified":"2021-07-05T14:21:44","modified_gmt":"2021-07-05T17:21:44","slug":"homepage","status":"publish","type":"page","link":"https:\/\/www.nuevavisionopticas.com.ar\/blog-de-optica\/","title":{"rendered":"Homepage"},"content":{"rendered":"","protected":false},"excerpt":{"rendered":"","protected":false},"author":1,"featured_media":0,"parent":0,"menu_order":0,"comment_status":"closed","ping_status":"closed","template":"","meta":{"_monsterinsights_skip_tracking":false,"_monsterinsights_sitenote_active":false,"_monsterinsights_sitenote_note":"","_monsterinsights_sitenote_category":0,"footnotes":""},"class_list":["post-2625","page","type-page","status-publish","hentry"],"yoast_head":"<!-- This site is optimized with the Yoast SEO plugin v27.3 - https:\/\/yoast.com\/product\/yoast-seo-wordpress\/ -->\n<title>Homepage &#8211; Blog de \u00f3ptica<\/title>\n<meta name=\"robots\" content=\"noindex, follow\" \/>\n<meta property=\"og:locale\" content=\"es_ES\" \/>\n<meta property=\"og:type\" content=\"article\" \/>\n<meta property=\"og:title\" content=\"Homepage &#8211; Blog de \u00f3ptica\" \/>\n<meta property=\"og:url\" content=\"https:\/\/www.nuevavisionopticas.com.ar\/blog-de-optica\/\" \/>\n<meta property=\"og:site_name\" content=\"Blog de \u00f3ptica\" \/>\n<meta property=\"article:publisher\" content=\"https:\/\/www.facebook.com\/nuevavisionarg\" \/>\n<meta property=\"article:modified_time\" content=\"2021-07-05T17:21:44+00:00\" \/>\n<meta name=\"twitter:card\" content=\"summary_large_image\" \/>\n<script type=\"application\/ld+json\" class=\"yoast-schema-graph\">{\"@context\":\"https:\\\/\\\/schema.org\",\"@graph\":[{\"@type\":\"WebPage\",\"@id\":\"https:\\\/\\\/www.nuevavisionopticas.com.ar\\\/blog-de-optica\\\/\",\"url\":\"https:\\\/\\\/www.nuevavisionopticas.com.ar\\\/blog-de-optica\\\/\",\"name\":\"Homepage &#8211; Blog de \u00f3ptica\",\"isPartOf\":{\"@id\":\"https:\\\/\\\/www.nuevavisionopticas.com.ar\\\/blog-de-optica\\\/#website\"},\"datePublished\":\"2019-11-25T17:48:16+00:00\",\"dateModified\":\"2021-07-05T17:21:44+00:00\",\"breadcrumb\":{\"@id\":\"https:\\\/\\\/www.nuevavisionopticas.com.ar\\\/blog-de-optica\\\/#breadcrumb\"},\"inLanguage\":\"es\",\"potentialAction\":[{\"@type\":\"ReadAction\",\"target\":[\"https:\\\/\\\/www.nuevavisionopticas.com.ar\\\/blog-de-optica\\\/\"]}]},{\"@type\":\"BreadcrumbList\",\"@id\":\"https:\\\/\\\/www.nuevavisionopticas.com.ar\\\/blog-de-optica\\\/#breadcrumb\",\"itemListElement\":[{\"@type\":\"ListItem\",\"position\":1,\"name\":\"Portada\",\"item\":\"https:\\\/\\\/www.nuevavisionopticas.com.ar\\\/blog-de-optica\\\/\"},{\"@type\":\"ListItem\",\"position\":2,\"name\":\"Homepage\"}]},{\"@type\":\"WebSite\",\"@id\":\"https:\\\/\\\/www.nuevavisionopticas.com.ar\\\/blog-de-optica\\\/#website\",\"url\":\"https:\\\/\\\/www.nuevavisionopticas.com.ar\\\/blog-de-optica\\\/\",\"name\":\"Blog de \u00f3ptica\",\"description\":\"Nueva Visi\u00f3n \u00d3pticas\",\"publisher\":{\"@id\":\"https:\\\/\\\/www.nuevavisionopticas.com.ar\\\/blog-de-optica\\\/#organization\"},\"potentialAction\":[{\"@type\":\"SearchAction\",\"target\":{\"@type\":\"EntryPoint\",\"urlTemplate\":\"https:\\\/\\\/www.nuevavisionopticas.com.ar\\\/blog-de-optica\\\/?s={search_term_string}\"},\"query-input\":{\"@type\":\"PropertyValueSpecification\",\"valueRequired\":true,\"valueName\":\"search_term_string\"}}],\"inLanguage\":\"es\"},{\"@type\":\"Organization\",\"@id\":\"https:\\\/\\\/www.nuevavisionopticas.com.ar\\\/blog-de-optica\\\/#organization\",\"name\":\"Nueva Visi\u00f3n \u00d3pticas\",\"url\":\"https:\\\/\\\/www.nuevavisionopticas.com.ar\\\/blog-de-optica\\\/\",\"logo\":{\"@type\":\"ImageObject\",\"inLanguage\":\"es\",\"@id\":\"https:\\\/\\\/www.nuevavisionopticas.com.ar\\\/blog-de-optica\\\/#\\\/schema\\\/logo\\\/image\\\/\",\"url\":\"https:\\\/\\\/www.nuevavisionopticas.com.ar\\\/blog-de-optica\\\/wp-content\\\/uploads\\\/2021\\\/07\\\/logo-blanco-nueva-vision.png\",\"contentUrl\":\"https:\\\/\\\/www.nuevavisionopticas.com.ar\\\/blog-de-optica\\\/wp-content\\\/uploads\\\/2021\\\/07\\\/logo-blanco-nueva-vision.png\",\"width\":181,\"height\":46,\"caption\":\"Nueva Visi\u00f3n \u00d3pticas\"},\"image\":{\"@id\":\"https:\\\/\\\/www.nuevavisionopticas.com.ar\\\/blog-de-optica\\\/#\\\/schema\\\/logo\\\/image\\\/\"},\"sameAs\":[\"https:\\\/\\\/www.facebook.com\\\/nuevavisionarg\",\"https:\\\/\\\/www.instagram.com\\\/nuevavisionarg\"]}]}<\/script>\n<!-- \/ Yoast SEO plugin. -->","yoast_head_json":{"title":"Homepage &#8211; Blog de \u00f3ptica","robots":{"index":"noindex","follow":"follow"},"og_locale":"es_ES","og_type":"article","og_title":"Homepage &#8211; Blog de \u00f3ptica","og_url":"https:\/\/www.nuevavisionopticas.com.ar\/blog-de-optica\/","og_site_name":"Blog de \u00f3ptica","article_publisher":"https:\/\/www.facebook.com\/nuevavisionarg","article_modified_time":"2021-07-05T17:21:44+00:00","twitter_card":"summary_large_image","schema":{"@context":"https:\/\/schema.org","@graph":[{"@type":"WebPage","@id":"https:\/\/www.nuevavisionopticas.com.ar\/blog-de-optica\/","url":"https:\/\/www.nuevavisionopticas.com.ar\/blog-de-optica\/","name":"Homepage &#8211; Blog de \u00f3ptica","isPartOf":{"@id":"https:\/\/www.nuevavisionopticas.com.ar\/blog-de-optica\/#website"},"datePublished":"2019-11-25T17:48:16+00:00","dateModified":"2021-07-05T17:21:44+00:00","breadcrumb":{"@id":"https:\/\/www.nuevavisionopticas.com.ar\/blog-de-optica\/#breadcrumb"},"inLanguage":"es","potentialAction":[{"@type":"ReadAction","target":["https:\/\/www.nuevavisionopticas.com.ar\/blog-de-optica\/"]}]},{"@type":"BreadcrumbList","@id":"https:\/\/www.nuevavisionopticas.com.ar\/blog-de-optica\/#breadcrumb","itemListElement":[{"@type":"ListItem","position":1,"name":"Portada","item":"https:\/\/www.nuevavisionopticas.com.ar\/blog-de-optica\/"},{"@type":"ListItem","position":2,"name":"Homepage"}]},{"@type":"WebSite","@id":"https:\/\/www.nuevavisionopticas.com.ar\/blog-de-optica\/#website","url":"https:\/\/www.nuevavisionopticas.com.ar\/blog-de-optica\/","name":"Blog de \u00f3ptica","description":"Nueva Visi\u00f3n \u00d3pticas","publisher":{"@id":"https:\/\/www.nuevavisionopticas.com.ar\/blog-de-optica\/#organization"},"potentialAction":[{"@type":"SearchAction","target":{"@type":"EntryPoint","urlTemplate":"https:\/\/www.nuevavisionopticas.com.ar\/blog-de-optica\/?s={search_term_string}"},"query-input":{"@type":"PropertyValueSpecification","valueRequired":true,"valueName":"search_term_string"}}],"inLanguage":"es"},{"@type":"Organization","@id":"https:\/\/www.nuevavisionopticas.com.ar\/blog-de-optica\/#organization","name":"Nueva Visi\u00f3n \u00d3pticas","url":"https:\/\/www.nuevavisionopticas.com.ar\/blog-de-optica\/","logo":{"@type":"ImageObject","inLanguage":"es","@id":"https:\/\/www.nuevavisionopticas.com.ar\/blog-de-optica\/#\/schema\/logo\/image\/","url":"https:\/\/www.nuevavisionopticas.com.ar\/blog-de-optica\/wp-content\/uploads\/2021\/07\/logo-blanco-nueva-vision.png","contentUrl":"https:\/\/www.nuevavisionopticas.com.ar\/blog-de-optica\/wp-content\/uploads\/2021\/07\/logo-blanco-nueva-vision.png","width":181,"height":46,"caption":"Nueva Visi\u00f3n \u00d3pticas"},"image":{"@id":"https:\/\/www.nuevavisionopticas.com.ar\/blog-de-optica\/#\/schema\/logo\/image\/"},"sameAs":["https:\/\/www.facebook.com\/nuevavisionarg","https:\/\/www.instagram.com\/nuevavisionarg"]}]}},"_links":{"self":[{"href":"https:\/\/www.nuevavisionopticas.com.ar\/blog-de-optica\/wp-json\/wp\/v2\/pages\/2625","targetHints":{"allow":["GET"]}}],"collection":[{"href":"https:\/\/www.nuevavisionopticas.com.ar\/blog-de-optica\/wp-json\/wp\/v2\/pages"}],"about":[{"href":"https:\/\/www.nuevavisionopticas.com.ar\/blog-de-optica\/wp-json\/wp\/v2\/types\/page"}],"author":[{"embeddable":true,"href":"https:\/\/www.nuevavisionopticas.com.ar\/blog-de-optica\/wp-json\/wp\/v2\/users\/1"}],"replies":[{"embeddable":true,"href":"https:\/\/www.nuevavisionopticas.com.ar\/blog-de-optica\/wp-json\/wp\/v2\/comments?post=2625"}],"version-history":[{"count":11,"href":"https:\/\/www.nuevavisionopticas.com.ar\/blog-de-optica\/wp-json\/wp\/v2\/pages\/2625\/revisions"}],"predecessor-version":[{"id":2665,"href":"https:\/\/www.nuevavisionopticas.com.ar\/blog-de-optica\/wp-json\/wp\/v2\/pages\/2625\/revisions\/2665"}],"wp:attachment":[{"href":"https:\/\/www.nuevavisionopticas.com.ar\/blog-de-optica\/wp-json\/wp\/v2\/media?parent=2625"}],"curies":[{"name":"wp","href":"https:\/\/api.w.org\/{rel}","templated":true}]}}